{"id":7708,"date":"2016-03-10T02:21:43","date_gmt":"2016-03-10T02:21:43","guid":{"rendered":"http:\/\/en.sovhtt.vietmoz.info\/?page_id=7708"},"modified":"2016-03-10T02:21:43","modified_gmt":"2016-03-10T02:21:43","slug":"hotline","status":"publish","type":"page","link":"https:\/\/sovhtt.hanoi.gov.vn\/en\/hotline\/","title":{"rendered":"Hotline"},"content":{"rendered":"<p>M\u1ecdi \u00fd ki\u1ebfn \u0111\u00f3ng g\u00f3p, th\u00f4ng tin chi ti\u1ebft vui l\u00f2ng li\u00ean h\u1ec7:<\/p>\n<p style=\"text-align: center;\">S\u1ede V\u0102N H\u00d3A &#8211; TH\u1ec2 THAO TH\u00c0NH PH\u1ed0 H\u00c0 N\u1ed8I<br \/>\n\u0110\u1ecba ch\u1ec9: S\u1ed1 47 H\u00e0ng D\u1ea7u &#8211; Ho\u00e0n Ki\u1ebfm &#8211; H\u00e0 N\u1ed9i<br \/>\n\u0110i\u1ec7n tho\u1ea1i: (04) 38255078 &#8211; Fax: (04) 38247600<\/p>\n<p style=\"text-align: left;\">Qu\u00fd v\u1ecb c\u0169ng c\u00f3 th\u1ec3 \u0111i\u1ec1n v\u00e0o form li\u00ean h\u1ec7 sau \u0111\u1ec3 g\u1eedi tr\u1ef1c ti\u1ebfp cho ch\u00fang t\u00f4i:<\/p>\n<p style=\"text-align: left;\">\n<div class=\"wpcf7 no-js\" id=\"wpcf7-f21-o1\" lang=\"vi\" dir=\"ltr\">\n<div class=\"screen-reader-response\"><p role=\"status\" aria-live=\"polite\" aria-atomic=\"true\"><\/p> <ul><\/ul><\/div>\n<form action=\"\/en\/wp-json\/wp\/v2\/pages\/7708#wpcf7-f21-o1\" method=\"post\" class=\"wpcf7-form init\" aria-label=\"Form li\u00ean h\u1ec7\" novalidate=\"novalidate\" data-status=\"init\">\n<div style=\"display: none;\">\n<input type=\"hidden\" name=\"_wpcf7\" value=\"21\" \/>\n<input type=\"hidden\" name=\"_wpcf7_version\" value=\"5.8\" \/>\n<input type=\"hidden\" name=\"_wpcf7_locale\" value=\"vi\" \/>\n<input type=\"hidden\" name=\"_wpcf7_unit_tag\" value=\"wpcf7-f21-o1\" \/>\n<input type=\"hidden\" name=\"_wpcf7_container_post\" value=\"0\" \/>\n<input type=\"hidden\" name=\"_wpcf7_posted_data_hash\" value=\"\" \/>\n<\/div>\n<p>Your name (*)\n<\/p>\n<p><span class=\"wpcf7-form-control-wrap\" data-name=\"your-name\"><input size=\"40\" class=\"wpcf7-form-control wpcf7-text wpcf7-validates-as-required\" aria-required=\"true\" aria-invalid=\"false\" value=\"\" type=\"text\" name=\"your-name\" \/><\/span>\n<\/p>\n<p>Your Email (*)\n<\/p>\n<p><span class=\"wpcf7-form-control-wrap\" data-name=\"your-email\"><input size=\"40\" class=\"wpcf7-form-control wpcf7-email wpcf7-validates-as-required wpcf7-text wpcf7-validates-as-email\" aria-required=\"true\" aria-invalid=\"false\" value=\"\" type=\"email\" name=\"your-email\" \/><\/span>\n<\/p>\n<p>Subject:\n<\/p>\n<p><span class=\"wpcf7-form-control-wrap\" data-name=\"your-subject\"><input size=\"40\" class=\"wpcf7-form-control wpcf7-text\" aria-invalid=\"false\" value=\"\" type=\"text\" name=\"your-subject\" \/><\/span>\n<\/p>\n<p>Message\n<\/p>\n<p><span class=\"wpcf7-form-control-wrap\" data-name=\"your-message\"><textarea cols=\"40\" rows=\"10\" class=\"wpcf7-form-control wpcf7-textarea\" aria-invalid=\"false\" name=\"your-message\"><\/textarea><\/span>\n<\/p>\n<p><input class=\"wpcf7-form-control wpcf7-submit has-spinner\" type=\"submit\" value=\"Send to us\" \/>\n<\/p><div class=\"wpcf7-response-output\" aria-hidden=\"true\"><\/div>\n<\/form>\n<\/div>\n<\/p>\n","protected":false},"excerpt":{"rendered":"<p>M\u1ecdi \u00fd ki\u1ebfn \u0111\u00f3ng g\u00f3p, th\u00f4ng tin chi ti\u1ebft vui l\u00f2ng li\u00ean h\u1ec7: S\u1ede V\u0102N H\u00d3A &#8211; TH\u1ec2 THAO TH\u00c0NH PH\u1ed0 H\u00c0 N\u1ed8I \u0110\u1ecba ch\u1ec9: S\u1ed1 47 H\u00e0ng D\u1ea7u &#8211; Ho\u00e0n Ki\u1ebfm &#8211; H\u00e0 N\u1ed9i \u0110i\u1ec7n tho\u1ea1i: (04) 38255078 &#8211; Fax: (04) 38247600 Qu\u00fd v\u1ecb c\u0169ng c\u00f3 th\u1ec3 \u0111i\u1ec1n v\u00e0o form li\u00ean h\u1ec7 sau \u0111\u1ec3..<\/p>\n","protected":false},"author":1,"featured_media":0,"parent":0,"menu_order":0,"comment_status":"closed","ping_status":"closed","template":"","meta":{"footnotes":""},"acf":[],"yoast_head":"<!-- This site is optimized with the Yoast SEO plugin v21.1 - https:\/\/yoast.com\/wordpress\/plugins\/seo\/ -->\n<title>Hotline - Hanoi Culture and Sport Facilities<\/title>\n<meta name=\"robots\" content=\"index, follow, max-snippet:-1, max-image-preview:large, max-video-preview:-1\" \/>\n<link rel=\"canonical\" href=\"https:\/\/sovhtt.hanoi.gov.vn\/en\/hotline\/\" \/>\n<meta property=\"og:locale\" content=\"en_US\" \/>\n<meta property=\"og:type\" content=\"article\" \/>\n<meta property=\"og:title\" content=\"Hotline - Hanoi Culture and Sport Facilities\" \/>\n<meta property=\"og:description\" content=\"M\u1ecdi \u00fd ki\u1ebfn \u0111\u00f3ng g\u00f3p, th\u00f4ng tin chi ti\u1ebft vui l\u00f2ng li\u00ean h\u1ec7: S\u1ede V\u0102N H\u00d3A &#8211; TH\u1ec2 THAO TH\u00c0NH PH\u1ed0 H\u00c0 N\u1ed8I \u0110\u1ecba ch\u1ec9: S\u1ed1 47 H\u00e0ng D\u1ea7u &#8211; Ho\u00e0n Ki\u1ebfm &#8211; H\u00e0 N\u1ed9i \u0110i\u1ec7n tho\u1ea1i: (04) 38255078 &#8211; Fax: (04) 38247600 Qu\u00fd v\u1ecb c\u0169ng c\u00f3 th\u1ec3 \u0111i\u1ec1n v\u00e0o form li\u00ean h\u1ec7 sau \u0111\u1ec3..\" \/>\n<meta property=\"og:url\" content=\"https:\/\/sovhtt.hanoi.gov.vn\/en\/hotline\/\" \/>\n<meta property=\"og:site_name\" content=\"Hanoi Culture and Sport Facilities\" \/>\n<meta name=\"twitter:card\" content=\"summary_large_image\" \/>\n<script type=\"application\/ld+json\" class=\"yoast-schema-graph\">{\"@context\":\"https:\/\/schema.org\",\"@graph\":[{\"@type\":\"WebPage\",\"@id\":\"https:\/\/sovhtt.hanoi.gov.vn\/en\/hotline\/\",\"url\":\"https:\/\/sovhtt.hanoi.gov.vn\/en\/hotline\/\",\"name\":\"Hotline - Hanoi Culture and Sport Facilities\",\"isPartOf\":{\"@id\":\"https:\/\/sovhtt.hanoi.gov.vn\/en\/#website\"},\"datePublished\":\"2016-03-10T02:21:43+00:00\",\"dateModified\":\"2016-03-10T02:21:43+00:00\",\"breadcrumb\":{\"@id\":\"https:\/\/sovhtt.hanoi.gov.vn\/en\/hotline\/#breadcrumb\"},\"inLanguage\":\"en-US\",\"potentialAction\":[{\"@type\":\"ReadAction\",\"target\":[\"https:\/\/sovhtt.hanoi.gov.vn\/en\/hotline\/\"]}]},{\"@type\":\"BreadcrumbList\",\"@id\":\"https:\/\/sovhtt.hanoi.gov.vn\/en\/hotline\/#breadcrumb\",\"itemListElement\":[{\"@type\":\"ListItem\",\"position\":1,\"name\":\"Home\",\"item\":\"https:\/\/sovhtt.hanoi.gov.vn\/en\/\"},{\"@type\":\"ListItem\",\"position\":2,\"name\":\"Hotline\"}]},{\"@type\":\"WebSite\",\"@id\":\"https:\/\/sovhtt.hanoi.gov.vn\/en\/#website\",\"url\":\"https:\/\/sovhtt.hanoi.gov.vn\/en\/\",\"name\":\"Hanoi Culture and Sport Facilities\",\"description\":\"M\u1ed9t trang web m\u1edbi s\u1eed d\u1ee5ng WordPress\",\"potentialAction\":[{\"@type\":\"SearchAction\",\"target\":{\"@type\":\"EntryPoint\",\"urlTemplate\":\"https:\/\/sovhtt.hanoi.gov.vn\/en\/?s={search_term_string}\"},\"query-input\":\"required name=search_term_string\"}],\"inLanguage\":\"en-US\"}]}<\/script>\n<!-- \/ Yoast SEO plugin. -->","yoast_head_json":{"title":"Hotline - Hanoi Culture and Sport Facilities","robots":{"index":"index","follow":"follow","max-snippet":"max-snippet:-1","max-image-preview":"max-image-preview:large","max-video-preview":"max-video-preview:-1"},"canonical":"https:\/\/sovhtt.hanoi.gov.vn\/en\/hotline\/","og_locale":"en_US","og_type":"article","og_title":"Hotline - Hanoi Culture and Sport Facilities","og_description":"M\u1ecdi \u00fd ki\u1ebfn \u0111\u00f3ng g\u00f3p, th\u00f4ng tin chi ti\u1ebft vui l\u00f2ng li\u00ean h\u1ec7: S\u1ede V\u0102N H\u00d3A &#8211; TH\u1ec2 THAO TH\u00c0NH PH\u1ed0 H\u00c0 N\u1ed8I \u0110\u1ecba ch\u1ec9: S\u1ed1 47 H\u00e0ng D\u1ea7u &#8211; Ho\u00e0n Ki\u1ebfm &#8211; H\u00e0 N\u1ed9i \u0110i\u1ec7n tho\u1ea1i: (04) 38255078 &#8211; Fax: (04) 38247600 Qu\u00fd v\u1ecb c\u0169ng c\u00f3 th\u1ec3 \u0111i\u1ec1n v\u00e0o form li\u00ean h\u1ec7 sau \u0111\u1ec3..","og_url":"https:\/\/sovhtt.hanoi.gov.vn\/en\/hotline\/","og_site_name":"Hanoi Culture and Sport Facilities","twitter_card":"summary_large_image","schema":{"@context":"https:\/\/schema.org","@graph":[{"@type":"WebPage","@id":"https:\/\/sovhtt.hanoi.gov.vn\/en\/hotline\/","url":"https:\/\/sovhtt.hanoi.gov.vn\/en\/hotline\/","name":"Hotline - Hanoi Culture and Sport Facilities","isPartOf":{"@id":"https:\/\/sovhtt.hanoi.gov.vn\/en\/#website"},"datePublished":"2016-03-10T02:21:43+00:00","dateModified":"2016-03-10T02:21:43+00:00","breadcrumb":{"@id":"https:\/\/sovhtt.hanoi.gov.vn\/en\/hotline\/#breadcrumb"},"inLanguage":"en-US","potentialAction":[{"@type":"ReadAction","target":["https:\/\/sovhtt.hanoi.gov.vn\/en\/hotline\/"]}]},{"@type":"BreadcrumbList","@id":"https:\/\/sovhtt.hanoi.gov.vn\/en\/hotline\/#breadcrumb","itemListElement":[{"@type":"ListItem","position":1,"name":"Home","item":"https:\/\/sovhtt.hanoi.gov.vn\/en\/"},{"@type":"ListItem","position":2,"name":"Hotline"}]},{"@type":"WebSite","@id":"https:\/\/sovhtt.hanoi.gov.vn\/en\/#website","url":"https:\/\/sovhtt.hanoi.gov.vn\/en\/","name":"Hanoi Culture and Sport Facilities","description":"M\u1ed9t trang web m\u1edbi s\u1eed d\u1ee5ng WordPress","potentialAction":[{"@type":"SearchAction","target":{"@type":"EntryPoint","urlTemplate":"https:\/\/sovhtt.hanoi.gov.vn\/en\/?s={search_term_string}"},"query-input":"required name=search_term_string"}],"inLanguage":"en-US"}]}},"_links":{"self":[{"href":"https:\/\/sovhtt.hanoi.gov.vn\/en\/wp-json\/wp\/v2\/pages\/7708"}],"collection":[{"href":"https:\/\/sovhtt.hanoi.gov.vn\/en\/wp-json\/wp\/v2\/pages"}],"about":[{"href":"https:\/\/sovhtt.hanoi.gov.vn\/en\/wp-json\/wp\/v2\/types\/page"}],"author":[{"embeddable":true,"href":"https:\/\/sovhtt.hanoi.gov.vn\/en\/wp-json\/wp\/v2\/users\/1"}],"replies":[{"embeddable":true,"href":"https:\/\/sovhtt.hanoi.gov.vn\/en\/wp-json\/wp\/v2\/comments?post=7708"}],"version-history":[{"count":1,"href":"https:\/\/sovhtt.hanoi.gov.vn\/en\/wp-json\/wp\/v2\/pages\/7708\/revisions"}],"predecessor-version":[{"id":7709,"href":"https:\/\/sovhtt.hanoi.gov.vn\/en\/wp-json\/wp\/v2\/pages\/7708\/revisions\/7709"}],"wp:attachment":[{"href":"https:\/\/sovhtt.hanoi.gov.vn\/en\/wp-json\/wp\/v2\/media?parent=7708"}],"curies":[{"name":"wp","href":"https:\/\/api.w.org\/{rel}","templated":true}]}}